{"id":30788,"date":"2025-08-04T15:01:10","date_gmt":"2025-08-04T15:01:11","guid":{"rendered":"https:\/\/ikonisch.pt\/?post_type=product&#038;p=30788"},"modified":"2025-08-05T16:07:18","modified_gmt":"2025-08-05T16:07:18","slug":"silla-fija-modelo-dsr-by-ea-copia","status":"publish","type":"product","link":"https:\/\/ikonisch.pt\/es\/produtos\/silla-fija-modelo-dsr-by-ea-copia\/","title":{"rendered":"Silla Panton &#8211; Vitra"},"content":{"rendered":"","protected":false},"excerpt":{"rendered":"<p>La Panton Chair, dise\u00f1ada por el visionario dise\u00f1ador dan\u00e9s Verner Panton, es un icono absoluto del dise\u00f1o del siglo XX. Desarrollada en colaboraci\u00f3n con Vitra, fue la primera silla de pl\u00e1stico integral producida en una sola pieza con estructura cantilever, marcando una revoluci\u00f3n en el mobiliario moderno.<br \/>\nReconocida internacionalmente, la Panton Chair ha ganado numerosos premios de dise\u00f1o e integra las colecciones de los principales museos del mundo. Su forma org\u00e1nica y escultural combina est\u00e9tica atrevida con confort ergon\u00f3mico, lo que la hace ideal para ambientes contempor\u00e1neos y creativos.<br \/>\nEs adecuado para uso temporal en el exterior, siempre que est\u00e9 protegido despu\u00e9s de una exposici\u00f3n prolongada, garantizando durabilidad y preservaci\u00f3n de su aspecto ic\u00f3nico.<br \/>\nM\u00e1s que una silla, la Panton Chair es una pieza de colecci\u00f3n que traduce la audacia e innovaci\u00f3n del dise\u00f1o de los a\u00f1os 60, permaneciendo atemporal y deseada hasta hoy.<\/p>\n<p>Atenci\u00f3n: precio unitario<\/p>\n<p>Realizamos entregas a nivel mundial. Para env\u00edos fuera de Portugal y Espa\u00f1a, por favor p\u00f3ngase en contacto con nosotros para recibir un presupuesto personalizado.<\/p>\n<p>Para m\u00e1s informaci\u00f3n sobre los precios, cons\u00faltanos por correo electr\u00f3nico info@ikonisch.pt o por tel\u00e9fono +351 913 068 270.<\/p>\n","protected":false},"featured_media":31297,"template":"","meta":{"_acf_changed":false,"inline_featured_image":false},"product_brand":[],"product_cat":[689],"product_tag":[848],"class_list":{"0":"post-30788","1":"product","2":"type-product","3":"status-publish","4":"has-post-thumbnail","6":"product_cat-sillas","7":"product_tag-vitra-es","9":"first","10":"outofstock","11":"shipping-taxable","12":"purchasable","13":"product-type-simple"},"acf":[],"aioseo_notices":[],"_links":{"self":[{"href":"https:\/\/ikonisch.pt\/es\/wp-json\/wp\/v2\/product\/30788","targetHints":{"allow":["GET"]}}],"collection":[{"href":"https:\/\/ikonisch.pt\/es\/wp-json\/wp\/v2\/product"}],"about":[{"href":"https:\/\/ikonisch.pt\/es\/wp-json\/wp\/v2\/types\/product"}],"wp:featuredmedia":[{"embeddable":true,"href":"https:\/\/ikonisch.pt\/es\/wp-json\/wp\/v2\/media\/31297"}],"wp:attachment":[{"href":"https:\/\/ikonisch.pt\/es\/wp-json\/wp\/v2\/media?parent=30788"}],"wp:term":[{"taxonomy":"product_brand","embeddable":true,"href":"https:\/\/ikonisch.pt\/es\/wp-json\/wp\/v2\/product_brand?post=30788"},{"taxonomy":"product_cat","embeddable":true,"href":"https:\/\/ikonisch.pt\/es\/wp-json\/wp\/v2\/product_cat?post=30788"},{"taxonomy":"product_tag","embeddable":true,"href":"https:\/\/ikonisch.pt\/es\/wp-json\/wp\/v2\/product_tag?post=30788"}],"curies":[{"name":"wp","href":"https:\/\/api.w.org\/{rel}","templated":true}]}}