{"id":30824,"date":"2025-08-04T15:12:39","date_gmt":"2025-08-04T15:12:40","guid":{"rendered":"https:\/\/ikonisch.pt\/?post_type=product&#038;p=30824"},"modified":"2025-08-12T10:00:54","modified_gmt":"2025-08-12T10:00:54","slug":"stiks-base-de-mesa-de-madera-inclass-copia","status":"publish","type":"product","link":"https:\/\/ikonisch.pt\/es\/produtos\/stiks-base-de-mesa-de-madera-inclass-copia\/","title":{"rendered":"Mesa auxiliar Little Friend \u2013 Fritz Hansen"},"content":{"rendered":"","protected":false},"excerpt":{"rendered":"<p>La Little Friend, creada por el galardonado dise\u00f1ador dan\u00e9s Kasper Salto, es una pieza que refleja a la perfecci\u00f3n el esp\u00edritu del dise\u00f1o escandinavo contempor\u00e1neo: minimalista, vers\u00e1til y funcional.<br \/>\nDise\u00f1ada para responder a las necesidades de los espacios modernos y multifuncionales, esta mesa auxiliar ligera y port\u00e1til es ideal como soporte para ordenadores port\u00e1tiles, libros o un caf\u00e9 matutino.<br \/>\nCon l\u00edneas elegantes y discretas, Little Friend se integra f\u00e1cilmente en ambientes residenciales o profesionales, convirti\u00e9ndose en un s\u00edmbolo de dise\u00f1o funcional e intemporal, donde la simplicidad y la sofisticaci\u00f3n se encuentran.<\/p>\n<p>Realizamos entregas a nivel mundial. Para env\u00edos fuera de Portugal y Espa\u00f1a, por favor p\u00f3ngase en contacto con nosotros para recibir un presupuesto personalizado.<\/p>\n<p>Para m\u00e1s informaci\u00f3n sobre los precios, cons\u00faltanos por correo electr\u00f3nico info@ikonisch.pt o por tel\u00e9fono +351 913 068 270.<\/p>\n","protected":false},"featured_media":31578,"template":"","meta":{"_acf_changed":false,"inline_featured_image":false},"product_brand":[],"product_cat":[694],"product_tag":[756],"class_list":{"0":"post-30824","1":"product","2":"type-product","3":"status-publish","4":"has-post-thumbnail","6":"product_cat-mesas-es","7":"product_tag-fritz-hansen-es","9":"first","10":"outofstock","11":"purchasable","12":"product-type-simple"},"acf":[],"aioseo_notices":[],"_links":{"self":[{"href":"https:\/\/ikonisch.pt\/es\/wp-json\/wp\/v2\/product\/30824","targetHints":{"allow":["GET"]}}],"collection":[{"href":"https:\/\/ikonisch.pt\/es\/wp-json\/wp\/v2\/product"}],"about":[{"href":"https:\/\/ikonisch.pt\/es\/wp-json\/wp\/v2\/types\/product"}],"wp:featuredmedia":[{"embeddable":true,"href":"https:\/\/ikonisch.pt\/es\/wp-json\/wp\/v2\/media\/31578"}],"wp:attachment":[{"href":"https:\/\/ikonisch.pt\/es\/wp-json\/wp\/v2\/media?parent=30824"}],"wp:term":[{"taxonomy":"product_brand","embeddable":true,"href":"https:\/\/ikonisch.pt\/es\/wp-json\/wp\/v2\/product_brand?post=30824"},{"taxonomy":"product_cat","embeddable":true,"href":"https:\/\/ikonisch.pt\/es\/wp-json\/wp\/v2\/product_cat?post=30824"},{"taxonomy":"product_tag","embeddable":true,"href":"https:\/\/ikonisch.pt\/es\/wp-json\/wp\/v2\/product_tag?post=30824"}],"curies":[{"name":"wp","href":"https:\/\/api.w.org\/{rel}","templated":true}]}}