{"id":30887,"date":"2025-08-04T15:42:29","date_gmt":"2025-08-04T15:42:30","guid":{"rendered":"https:\/\/ikonisch.pt\/?post_type=product&#038;p=30887"},"modified":"2025-08-05T16:16:45","modified_gmt":"2025-08-05T16:16:45","slug":"taburete-about-a-hay-copia-copia","status":"publish","type":"product","link":"https:\/\/ikonisch.pt\/es\/produtos\/taburete-about-a-hay-copia-copia\/","title":{"rendered":"Banco Butterfly &#8211; Vitra"},"content":{"rendered":"","protected":false},"excerpt":{"rendered":"<p>El banco Butterfly, creado por el ic\u00f3nico dise\u00f1ador japon\u00e9s Sori Yanagi, es una pieza que une la tradici\u00f3n artesanal oriental y la innovaci\u00f3n industrial occidental. Su elegante silueta, formada por dos conchas de madera moldeada que se abren como alas de mariposa a punto de volar, lo convirti\u00f3 en un cl\u00e1sico del dise\u00f1o de posguerra.<br \/>\nFabricado en madera de arce o palisandro, este banco es un ejemplo perfecto de la fusi\u00f3n entre simplicidad po\u00e9tica y sofisticaci\u00f3n t\u00e9cnica, resultado de la adaptaci\u00f3n de la t\u00e9cnica de moldeo en contrachapado desarrollada por Charles y Ray Eames al universo est\u00e9tico japon\u00e9s.<br \/>\nCon su forma org\u00e1nica y atemporal, el Banco Butterfly es m\u00e1s que una pieza funcional: es una escultura discreta que a\u00f1ade elegancia e historia del dise\u00f1o a cualquier ambiente.<\/p>\n<p>Realizamos entregas a nivel mundial. Para env\u00edos fuera de Portugal y Espa\u00f1a, por favor p\u00f3ngase en contacto con nosotros para recibir un presupuesto personalizado.<\/p>\n<p>Para m\u00e1s informaci\u00f3n sobre los precios, cons\u00faltanos por correo electr\u00f3nico info@ikonisch.pt o por tel\u00e9fono +351 913 068 270.<\/p>\n","protected":false},"featured_media":31775,"template":"","meta":{"_acf_changed":false,"inline_featured_image":false},"product_brand":[],"product_cat":[688],"product_tag":[848],"class_list":{"0":"post-30887","1":"product","2":"type-product","3":"status-publish","4":"has-post-thumbnail","6":"product_cat-bancos-y-pufs","7":"product_tag-vitra-es","9":"first","10":"outofstock","11":"shipping-taxable","12":"purchasable","13":"product-type-simple"},"acf":[],"aioseo_notices":[],"_links":{"self":[{"href":"https:\/\/ikonisch.pt\/es\/wp-json\/wp\/v2\/product\/30887","targetHints":{"allow":["GET"]}}],"collection":[{"href":"https:\/\/ikonisch.pt\/es\/wp-json\/wp\/v2\/product"}],"about":[{"href":"https:\/\/ikonisch.pt\/es\/wp-json\/wp\/v2\/types\/product"}],"wp:featuredmedia":[{"embeddable":true,"href":"https:\/\/ikonisch.pt\/es\/wp-json\/wp\/v2\/media\/31775"}],"wp:attachment":[{"href":"https:\/\/ikonisch.pt\/es\/wp-json\/wp\/v2\/media?parent=30887"}],"wp:term":[{"taxonomy":"product_brand","embeddable":true,"href":"https:\/\/ikonisch.pt\/es\/wp-json\/wp\/v2\/product_brand?post=30887"},{"taxonomy":"product_cat","embeddable":true,"href":"https:\/\/ikonisch.pt\/es\/wp-json\/wp\/v2\/product_cat?post=30887"},{"taxonomy":"product_tag","embeddable":true,"href":"https:\/\/ikonisch.pt\/es\/wp-json\/wp\/v2\/product_tag?post=30887"}],"curies":[{"name":"wp","href":"https:\/\/api.w.org\/{rel}","templated":true}]}}