{"id":31669,"date":"2025-08-21T15:25:11","date_gmt":"2025-08-21T15:25:12","guid":{"rendered":"https:\/\/ikonisch.pt\/?post_type=product&#038;p=31669"},"modified":"2025-08-21T15:26:21","modified_gmt":"2025-08-21T15:26:21","slug":"sofa-triple-artifort-80s-copia-2","status":"publish","type":"product","link":"https:\/\/ikonisch.pt\/es\/produtos\/sofa-triple-artifort-80s-copia-2\/","title":{"rendered":"Sof\u00e1 Triple &#8211; Artifort 80&#8217;s"},"content":{"rendered":"","protected":false},"excerpt":{"rendered":"<p>Sof\u00e1 triple Artifort completamente retapizado en tejido nuevo. Estructura interior de madera recubierta de espuma de alta densidad con cojines perimetrales superiores de pluma de oca.<\/p>\n<p><strong>Realizamos entregas a nivel mundial. Para env\u00edos fuera de Portugal y Espa\u00f1a, por favor, cont\u00e1ctenos para recibir un presupuesto personalizado.<\/strong><\/p>\n<p>Para m\u00e1s informaci\u00f3n sobre precios, p\u00f3ngase en contacto con nosotros por correo electr\u00f3nico en\u00a0<a href=\"mailto:info@ikonisch.pt\"><strong>info@ikonisch.pt<\/strong><\/a>\u00a0o por tel\u00e9fono en el\u00a0<strong>+351 913 068 270<\/strong>.<\/p>\n","protected":false},"featured_media":31163,"template":"","meta":{"_acf_changed":false,"inline_featured_image":false},"product_brand":[],"product_cat":[695],"product_tag":[717],"class_list":{"0":"post-31669","1":"product","2":"type-product","3":"status-publish","4":"has-post-thumbnail","6":"product_cat-alquiler-para-espacios-y-eventos","7":"product_tag-artifort-es","9":"first","10":"instock","11":"shipping-taxable","12":"product-type-simple"},"acf":[],"aioseo_notices":[],"_links":{"self":[{"href":"https:\/\/ikonisch.pt\/es\/wp-json\/wp\/v2\/product\/31669","targetHints":{"allow":["GET"]}}],"collection":[{"href":"https:\/\/ikonisch.pt\/es\/wp-json\/wp\/v2\/product"}],"about":[{"href":"https:\/\/ikonisch.pt\/es\/wp-json\/wp\/v2\/types\/product"}],"wp:featuredmedia":[{"embeddable":true,"href":"https:\/\/ikonisch.pt\/es\/wp-json\/wp\/v2\/media\/31163"}],"wp:attachment":[{"href":"https:\/\/ikonisch.pt\/es\/wp-json\/wp\/v2\/media?parent=31669"}],"wp:term":[{"taxonomy":"product_brand","embeddable":true,"href":"https:\/\/ikonisch.pt\/es\/wp-json\/wp\/v2\/product_brand?post=31669"},{"taxonomy":"product_cat","embeddable":true,"href":"https:\/\/ikonisch.pt\/es\/wp-json\/wp\/v2\/product_cat?post=31669"},{"taxonomy":"product_tag","embeddable":true,"href":"https:\/\/ikonisch.pt\/es\/wp-json\/wp\/v2\/product_tag?post=31669"}],"curies":[{"name":"wp","href":"https:\/\/api.w.org\/{rel}","templated":true}]}}